{"id":2991,"date":"2024-07-22T15:03:39","date_gmt":"2024-07-22T13:03:39","guid":{"rendered":"https:\/\/schweisserteam.com\/politika-kvality\/"},"modified":"2024-07-22T15:11:31","modified_gmt":"2024-07-22T13:11:31","slug":"politika-kvality","status":"publish","type":"page","link":"https:\/\/schweisserteam.com\/sk\/politika-kvality\/","title":{"rendered":"Politika kvality"},"content":{"rendered":"\t\t<div data-elementor-type=\"wp-page\" data-elementor-id=\"2991\" class=\"elementor elementor-2991 elementor-2986\" data-elementor-post-type=\"page\">\n\t\t\t\t<div class=\"elementor-element elementor-element-035e7f6 e-flex e-con-boxed e-con e-parent\" data-id=\"035e7f6\" data-element_type=\"container\">\n\t\t\t\t\t<div class=\"e-con-inner\">\n\t\t\t\t<div class=\"elementor-element elementor-element-f3513fb elementor-widget-divider--view-line_text elementor-widget-divider--element-align-center elementor-widget elementor-widget-divider\" data-id=\"f3513fb\" data-element_type=\"widget\" data-widget_type=\"divider.default\">\n\t\t\t\t<div class=\"elementor-widget-container\">\n\t\t\t<style>\/*! elementor - v3.22.0 - 26-06-2024 *\/\n.elementor-widget-divider{--divider-border-style:none;--divider-border-width:1px;--divider-color:#0c0d0e;--divider-icon-size:20px;--divider-element-spacing:10px;--divider-pattern-height:24px;--divider-pattern-size:20px;--divider-pattern-url:none;--divider-pattern-repeat:repeat-x}.elementor-widget-divider .elementor-divider{display:flex}.elementor-widget-divider .elementor-divider__text{font-size:15px;line-height:1;max-width:95%}.elementor-widget-divider .elementor-divider__element{margin:0 var(--divider-element-spacing);flex-shrink:0}.elementor-widget-divider .elementor-icon{font-size:var(--divider-icon-size)}.elementor-widget-divider .elementor-divider-separator{display:flex;margin:0;direction:ltr}.elementor-widget-divider--view-line_icon .elementor-divider-separator,.elementor-widget-divider--view-line_text .elementor-divider-separator{align-items:center}.elementor-widget-divider--view-line_icon .elementor-divider-separator:after,.elementor-widget-divider--view-line_icon .elementor-divider-separator:before,.elementor-widget-divider--view-line_text .elementor-divider-separator:after,.elementor-widget-divider--view-line_text .elementor-divider-separator:before{display:block;content:\"\";border-block-end:0;flex-grow:1;border-block-start:var(--divider-border-width) var(--divider-border-style) var(--divider-color)}.elementor-widget-divider--element-align-left .elementor-divider .elementor-divider-separator>.elementor-divider__svg:first-of-type{flex-grow:0;flex-shrink:100}.elementor-widget-divider--element-align-left .elementor-divider-separator:before{content:none}.elementor-widget-divider--element-align-left .elementor-divider__element{margin-left:0}.elementor-widget-divider--element-align-right .elementor-divider .elementor-divider-separator>.elementor-divider__svg:last-of-type{flex-grow:0;flex-shrink:100}.elementor-widget-divider--element-align-right .elementor-divider-separator:after{content:none}.elementor-widget-divider--element-align-right .elementor-divider__element{margin-right:0}.elementor-widget-divider--element-align-start .elementor-divider .elementor-divider-separator>.elementor-divider__svg:first-of-type{flex-grow:0;flex-shrink:100}.elementor-widget-divider--element-align-start .elementor-divider-separator:before{content:none}.elementor-widget-divider--element-align-start .elementor-divider__element{margin-inline-start:0}.elementor-widget-divider--element-align-end .elementor-divider .elementor-divider-separator>.elementor-divider__svg:last-of-type{flex-grow:0;flex-shrink:100}.elementor-widget-divider--element-align-end .elementor-divider-separator:after{content:none}.elementor-widget-divider--element-align-end .elementor-divider__element{margin-inline-end:0}.elementor-widget-divider:not(.elementor-widget-divider--view-line_text):not(.elementor-widget-divider--view-line_icon) .elementor-divider-separator{border-block-start:var(--divider-border-width) var(--divider-border-style) var(--divider-color)}.elementor-widget-divider--separator-type-pattern{--divider-border-style:none}.elementor-widget-divider--separator-type-pattern.elementor-widget-divider--view-line .elementor-divider-separator,.elementor-widget-divider--separator-type-pattern:not(.elementor-widget-divider--view-line) .elementor-divider-separator:after,.elementor-widget-divider--separator-type-pattern:not(.elementor-widget-divider--view-line) .elementor-divider-separator:before,.elementor-widget-divider--separator-type-pattern:not([class*=elementor-widget-divider--view]) .elementor-divider-separator{width:100%;min-height:var(--divider-pattern-height);-webkit-mask-size:var(--divider-pattern-size) 100%;mask-size:var(--divider-pattern-size) 100%;-webkit-mask-repeat:var(--divider-pattern-repeat);mask-repeat:var(--divider-pattern-repeat);background-color:var(--divider-color);-webkit-mask-image:var(--divider-pattern-url);mask-image:var(--divider-pattern-url)}.elementor-widget-divider--no-spacing{--divider-pattern-size:auto}.elementor-widget-divider--bg-round{--divider-pattern-repeat:round}.rtl .elementor-widget-divider .elementor-divider__text{direction:rtl}.e-con-inner>.elementor-widget-divider,.e-con>.elementor-widget-divider{width:var(--container-widget-width,100%);--flex-grow:var(--container-widget-flex-grow)}<\/style>\t\t<div class=\"elementor-divider\">\n\t\t\t<span class=\"elementor-divider-separator\">\n\t\t\t\t\t\t\t<span class=\"elementor-divider__text elementor-divider__element\">\n\t\t\t\t01\t\t\t\t<\/span>\n\t\t\t\t\t\t<\/span>\n\t\t<\/div>\n\t\t\t\t<\/div>\n\t\t\t\t<\/div>\n\t\t\t\t<div class=\"elementor-element elementor-element-c298ba8 elementor-widget elementor-widget-heading\" data-id=\"c298ba8\" data-element_type=\"widget\" data-widget_type=\"heading.default\">\n\t\t\t\t<div class=\"elementor-widget-container\">\n\t\t\t<style>\/*! elementor - v3.22.0 - 26-06-2024 *\/\n.elementor-heading-title{padding:0;margin:0;line-height:1}.elementor-widget-heading .elementor-heading-title[class*=elementor-size-]>a{color:inherit;font-size:inherit;line-height:inherit}.elementor-widget-heading .elementor-heading-title.elementor-size-small{font-size:15px}.elementor-widget-heading .elementor-heading-title.elementor-size-medium{font-size:19px}.elementor-widget-heading .elementor-heading-title.elementor-size-large{font-size:29px}.elementor-widget-heading .elementor-heading-title.elementor-size-xl{font-size:39px}.elementor-widget-heading .elementor-heading-title.elementor-size-xxl{font-size:59px}<\/style><h2 class=\"elementor-heading-title elementor-size-default\">Politika kvality skupiny Schweisser Team<\/h2>\t\t<\/div>\n\t\t\t\t<\/div>\n\t\t\t\t<div class=\"elementor-element elementor-element-870a0be elementor-widget elementor-widget-text-editor\" data-id=\"870a0be\" data-element_type=\"widget\" data-widget_type=\"text-editor.default\">\n\t\t\t\t<div class=\"elementor-widget-container\">\n\t\t\t<style>\/*! elementor - v3.22.0 - 26-06-2024 *\/\n.elementor-widget-text-editor.elementor-drop-cap-view-stacked .elementor-drop-cap{background-color:#69727d;color:#fff}.elementor-widget-text-editor.elementor-drop-cap-view-framed .elementor-drop-cap{color:#69727d;border:3px solid;background-color:transparent}.elementor-widget-text-editor:not(.elementor-drop-cap-view-default) .elementor-drop-cap{margin-top:8px}.elementor-widget-text-editor:not(.elementor-drop-cap-view-default) .elementor-drop-cap-letter{width:1em;height:1em}.elementor-widget-text-editor .elementor-drop-cap{float:left;text-align:center;line-height:1;font-size:50px}.elementor-widget-text-editor .elementor-drop-cap-letter{display:inline-block}<\/style>\t\t\t\t<h4><strong>Zavedenie:<\/strong><\/h4>\n<p>T\u00edm Schweisser sa zaviazal poskytova\u0165 najvy\u0161\u0161iu kvalitu predv\u00fdrobn\u00fdch a v\u00fdrobn\u00fdch procesov v zv\u00e1ra\u010dsk\u00fdch, potrubn\u00fdch a in\u017einierskych pr\u00e1cach, ako aj poskytova\u0165 slu\u017eby najvy\u0161\u0161ej kvality pri poskytovan\u00ed kvalifikovan\u00e9ho person\u00e1lu pri zv\u00e1ra\u010dsk\u00fdch, potrubn\u00fdch a le\u0161en\u00e1rskych pr\u00e1cach v priemysle.<br \/>\nNa\u0161\u00edm cie\u013eom je splni\u0165 a prekona\u0165 o\u010dak\u00e1vania na\u0161ich z\u00e1kazn\u00edkov neust\u00e1lym zlep\u0161ovan\u00edm na\u0161ich procesov, technol\u00f3gi\u00ed a person\u00e1lu. <\/p>\n<h4><strong>Z\u00e1kladn\u00e9 princ\u00edpy:<\/strong><\/h4>\n<p><strong>1. Zameranie na z\u00e1kazn\u00edka:<\/strong> <strong>&#8211;<\/strong> Pochopenie potrieb a o\u010dak\u00e1van\u00ed na\u0161ich z\u00e1kazn\u00edkov &#8211; Poskytovanie produktov a slu\u017eieb, ktor\u00e9 sp\u013a\u0148aj\u00fa alebo prekra\u010duj\u00fa ich po\u017eiadavky &#8211; Udr\u017eiavanie otvorenej a transparentnej komunik\u00e1cie so z\u00e1kazn\u00edkmi.<\/p>\n<p><strong>2. Kvalita v\u00fdrobkov a slu\u017eieb:-<\/strong> Pou\u017e\u00edvajte najlep\u0161ie dostupn\u00e9 technol\u00f3gie a materi\u00e1ly.- Dodr\u017eiavajte v\u0161etky pr\u00edslu\u0161n\u00e9 normy a predpisy pri zv\u00e1ra\u010dsk\u00fdch, potrubn\u00fdch a le\u0161en\u00e1rskych pr\u00e1cach.- Vykon\u00e1vajte d\u00f4kladn\u00e9 kontroly kvality na v\u0161etk\u00fdch \u00farovniach v\u00fdroby a in\u0161tal\u00e1cie.<\/p>\n<p><strong>3. Neust\u00e1le zlep\u0161ovanie: &#8211;<\/strong> Analyzova\u0165 a vyhodnocova\u0165 na\u0161e procesy s cie\u013eom identifikova\u0165 oblasti na zlep\u0161enie &#8211; Implementova\u0165 inovat\u00edvne rie\u0161enia na zlep\u0161enie efekt\u00edvnosti a kvality &#8211; Povzbudzova\u0165 zamestnancov, aby predkladali n\u00e1vrhy na zlep\u0161enie.<\/p>\n<p><strong>4. \u0160kolenie a rozvoj zamestnancov: &#8211;<\/strong> Investova\u0165 do \u0161kolenia a certifik\u00e1cie na\u0161ich zamestnancov v oblasti zv\u00e1rania, potrubia a le\u0161enia &#8211; Podporova\u0165 kult\u00faru neust\u00e1leho vzdel\u00e1vania a profesion\u00e1lneho rastu &#8211; Zabezpe\u010di\u0165, aby v\u0161etci zamestnanci pochopili a dodr\u017eiavali na\u0161u politiku kvality &#8211; Zaviaza\u0165 sa poskytova\u0165 kvalifikovan\u00fd person\u00e1l na\u0161im z\u00e1kazn\u00edkom ako s\u00fa\u010das\u0165 na\u0161ich slu\u017eieb.<\/p>\n<p><strong>5. Zdravie a bezpe\u010dnos\u0165: &#8211;<\/strong> Dodr\u017eiavajte v\u0161etky bezpe\u010dnostn\u00e9 predpisy a normy &#8211; Vytvorte bezpe\u010dn\u00e9 a zdrav\u00e9 pracovn\u00e9 prostredie &#8211; Pravidelne \u0161kolte zamestnancov o bezpe\u010dnostn\u00fdch postupoch a nebezpe\u010denstv\u00e1ch spojen\u00fdch so zv\u00e1ran\u00edm, potrub\u00edm a le\u0161en\u00edm.<\/p>\n<p><strong>6. Udr\u017eate\u013enos\u0165 a ochrana \u017eivotn\u00e9ho prostredia: &#8211;<\/strong> Minimalizova\u0165 negat\u00edvny vplyv na\u0161ich aktiv\u00edt na \u017eivotn\u00e9 prostredie.<br \/>\n&#8211; Podporova\u0165 recykl\u00e1ciu a zodpovedn\u00e9 nakladanie s odpadom.<br \/>\n&#8211; Pou\u017e\u00edvajte technol\u00f3gie a materi\u00e1ly \u0161etrn\u00e9 k \u017eivotn\u00e9mu prostrediu.  <\/p>\n<h4><strong>Ciele kvality:<\/strong><\/h4>\n<p>1. Zv\u00fd\u0161te spokojnos\u0165 z\u00e1kazn\u00edkov o 5 % ro\u010dne.<br \/>2. Zn\u00ed\u017ete po\u010det nevybaven\u00fdch objedn\u00e1vok o 25 % ro\u010dne <br \/>3. Zlep\u0161ite efektivitu v\u00fdrobn\u00e9ho a in\u0161tala\u010dn\u00e9ho procesu o 15 % do dvoch rokov.<br \/>4. Zv\u00fd\u0161te \u00farove\u0148 \u0161kolenia zamestnancov o 20 % ro\u010dne.<\/p>\n<p> <strong> Zodpovednos\u0165:<\/strong> <br \/>Ka\u017ed\u00fd zamestnanec skupiny Schweisser Team Group je zodpovedn\u00fd za kvalitu svojej pr\u00e1ce a za dodr\u017eiavanie tejto politiky kvality.<br \/>\nMana\u017ement sa zaviazal poskytn\u00fa\u0165 potrebn\u00e9 zdroje a podporu na dosiahnutie stanoven\u00fdch cie\u013eov kvality. <\/p>\n<h4><strong>  Z\u00e1ver:<\/strong><\/h4>\n<p>Skupina Schweisser Team Group sa zaviazala poskytova\u0165 vysoko kvalitn\u00e9 zv\u00e1ra\u010dsk\u00e9, potrubn\u00e9 a le\u0161en\u00e1rske produkty a slu\u017eby, ktor\u00e9 sp\u013a\u0148aj\u00fa najvy\u0161\u0161ie \u0161tandardy v tomto odvetv\u00ed.<br \/>\nNeust\u00e1le sa sna\u017e\u00edme zlep\u0161ova\u0165 na\u0161e procesy a schopnosti, aby sme zabezpe\u010dili dlhodob\u00fa spokojnos\u0165 na\u0161ich z\u00e1kazn\u00edkov a \u00faspech na\u0161ej spolo\u010dnosti. <\/p>\n\t\t\t\t\t\t<\/div>\n\t\t\t\t<\/div>\n\t\t\t\t\t<\/div>\n\t\t\t\t<\/div>\n\t\t\t\t<\/div>\n\t\t","protected":false},"excerpt":{"rendered":"<p>01 Politika kvality skupiny Schweisser Team Zavedenie: T\u00edm Schweisser sa zaviazal poskytova\u0165 najvy\u0161\u0161iu kvalitu predv\u00fdrobn\u00fdch a v\u00fdrobn\u00fdch procesov v zv\u00e1ra\u010dsk\u00fdch, potrubn\u00fdch a in\u017einierskych pr\u00e1cach, ako aj poskytova\u0165 slu\u017eby najvy\u0161\u0161ej kvality pri poskytovan\u00ed kvalifikovan\u00e9ho person\u00e1lu pri zv\u00e1ra\u010dsk\u00fdch, potrubn\u00fdch a le\u0161en\u00e1rskych pr\u00e1cach v priemysle. Na\u0161\u00edm cie\u013eom je splni\u0165 a prekona\u0165 o\u010dak\u00e1vania na\u0161ich z\u00e1kazn\u00edkov neust\u00e1lym zlep\u0161ovan\u00edm na\u0161ich procesov, [&hellip;]<\/p>\n","protected":false},"author":5,"featured_media":0,"parent":0,"menu_order":0,"comment_status":"closed","ping_status":"closed","template":"","meta":{"_seopress_robots_primary_cat":"","_seopress_titles_title":"","_seopress_titles_desc":"","_seopress_robots_index":"","footnotes":""},"class_list":["post-2991","page","type-page","status-publish","hentry"],"_links":{"self":[{"href":"https:\/\/schweisserteam.com\/sk\/wp-json\/wp\/v2\/pages\/2991","targetHints":{"allow":["GET"]}}],"collection":[{"href":"https:\/\/schweisserteam.com\/sk\/wp-json\/wp\/v2\/pages"}],"about":[{"href":"https:\/\/schweisserteam.com\/sk\/wp-json\/wp\/v2\/types\/page"}],"author":[{"embeddable":true,"href":"https:\/\/schweisserteam.com\/sk\/wp-json\/wp\/v2\/users\/5"}],"replies":[{"embeddable":true,"href":"https:\/\/schweisserteam.com\/sk\/wp-json\/wp\/v2\/comments?post=2991"}],"version-history":[{"count":2,"href":"https:\/\/schweisserteam.com\/sk\/wp-json\/wp\/v2\/pages\/2991\/revisions"}],"predecessor-version":[{"id":2995,"href":"https:\/\/schweisserteam.com\/sk\/wp-json\/wp\/v2\/pages\/2991\/revisions\/2995"}],"wp:attachment":[{"href":"https:\/\/schweisserteam.com\/sk\/wp-json\/wp\/v2\/media?parent=2991"}],"curies":[{"name":"wp","href":"https:\/\/api.w.org\/{rel}","templated":true}]}}