{"id":2994,"date":"2024-07-22T15:03:39","date_gmt":"2024-07-22T13:03:39","guid":{"rendered":"https:\/\/schweisserteam.com\/qualitaetspolitik\/"},"modified":"2024-11-14T14:17:13","modified_gmt":"2024-11-14T13:17:13","slug":"qualitaetspolitik","status":"publish","type":"page","link":"https:\/\/schweisserteam.com\/de\/qualitaetspolitik\/","title":{"rendered":"Qualit\u00e4tspolitik"},"content":{"rendered":"\t\t<div data-elementor-type=\"wp-page\" data-elementor-id=\"2994\" class=\"elementor elementor-2994 elementor-2986\" data-elementor-post-type=\"page\">\n\t\t\t\t<div class=\"elementor-element elementor-element-035e7f6 e-flex e-con-boxed e-con e-parent\" data-id=\"035e7f6\" data-element_type=\"container\">\n\t\t\t\t\t<div class=\"e-con-inner\">\n\t\t\t\t<div class=\"elementor-element elementor-element-f3513fb elementor-widget-divider--view-line_text elementor-widget-divider--element-align-center elementor-widget elementor-widget-divider\" data-id=\"f3513fb\" data-element_type=\"widget\" data-widget_type=\"divider.default\">\n\t\t\t\t<div class=\"elementor-widget-container\">\n\t\t\t<style>\/*! elementor - v3.22.0 - 26-06-2024 *\/\n.elementor-widget-divider{--divider-border-style:none;--divider-border-width:1px;--divider-color:#0c0d0e;--divider-icon-size:20px;--divider-element-spacing:10px;--divider-pattern-height:24px;--divider-pattern-size:20px;--divider-pattern-url:none;--divider-pattern-repeat:repeat-x}.elementor-widget-divider .elementor-divider{display:flex}.elementor-widget-divider .elementor-divider__text{font-size:15px;line-height:1;max-width:95%}.elementor-widget-divider .elementor-divider__element{margin:0 var(--divider-element-spacing);flex-shrink:0}.elementor-widget-divider .elementor-icon{font-size:var(--divider-icon-size)}.elementor-widget-divider .elementor-divider-separator{display:flex;margin:0;direction:ltr}.elementor-widget-divider--view-line_icon .elementor-divider-separator,.elementor-widget-divider--view-line_text .elementor-divider-separator{align-items:center}.elementor-widget-divider--view-line_icon .elementor-divider-separator:after,.elementor-widget-divider--view-line_icon .elementor-divider-separator:before,.elementor-widget-divider--view-line_text .elementor-divider-separator:after,.elementor-widget-divider--view-line_text .elementor-divider-separator:before{display:block;content:\"\";border-block-end:0;flex-grow:1;border-block-start:var(--divider-border-width) var(--divider-border-style) var(--divider-color)}.elementor-widget-divider--element-align-left .elementor-divider .elementor-divider-separator>.elementor-divider__svg:first-of-type{flex-grow:0;flex-shrink:100}.elementor-widget-divider--element-align-left .elementor-divider-separator:before{content:none}.elementor-widget-divider--element-align-left .elementor-divider__element{margin-left:0}.elementor-widget-divider--element-align-right .elementor-divider .elementor-divider-separator>.elementor-divider__svg:last-of-type{flex-grow:0;flex-shrink:100}.elementor-widget-divider--element-align-right .elementor-divider-separator:after{content:none}.elementor-widget-divider--element-align-right .elementor-divider__element{margin-right:0}.elementor-widget-divider--element-align-start .elementor-divider .elementor-divider-separator>.elementor-divider__svg:first-of-type{flex-grow:0;flex-shrink:100}.elementor-widget-divider--element-align-start .elementor-divider-separator:before{content:none}.elementor-widget-divider--element-align-start .elementor-divider__element{margin-inline-start:0}.elementor-widget-divider--element-align-end .elementor-divider .elementor-divider-separator>.elementor-divider__svg:last-of-type{flex-grow:0;flex-shrink:100}.elementor-widget-divider--element-align-end .elementor-divider-separator:after{content:none}.elementor-widget-divider--element-align-end .elementor-divider__element{margin-inline-end:0}.elementor-widget-divider:not(.elementor-widget-divider--view-line_text):not(.elementor-widget-divider--view-line_icon) .elementor-divider-separator{border-block-start:var(--divider-border-width) var(--divider-border-style) var(--divider-color)}.elementor-widget-divider--separator-type-pattern{--divider-border-style:none}.elementor-widget-divider--separator-type-pattern.elementor-widget-divider--view-line .elementor-divider-separator,.elementor-widget-divider--separator-type-pattern:not(.elementor-widget-divider--view-line) .elementor-divider-separator:after,.elementor-widget-divider--separator-type-pattern:not(.elementor-widget-divider--view-line) .elementor-divider-separator:before,.elementor-widget-divider--separator-type-pattern:not([class*=elementor-widget-divider--view]) .elementor-divider-separator{width:100%;min-height:var(--divider-pattern-height);-webkit-mask-size:var(--divider-pattern-size) 100%;mask-size:var(--divider-pattern-size) 100%;-webkit-mask-repeat:var(--divider-pattern-repeat);mask-repeat:var(--divider-pattern-repeat);background-color:var(--divider-color);-webkit-mask-image:var(--divider-pattern-url);mask-image:var(--divider-pattern-url)}.elementor-widget-divider--no-spacing{--divider-pattern-size:auto}.elementor-widget-divider--bg-round{--divider-pattern-repeat:round}.rtl .elementor-widget-divider .elementor-divider__text{direction:rtl}.e-con-inner>.elementor-widget-divider,.e-con>.elementor-widget-divider{width:var(--container-widget-width,100%);--flex-grow:var(--container-widget-flex-grow)}<\/style>\t\t<div class=\"elementor-divider\">\n\t\t\t<span class=\"elementor-divider-separator\">\n\t\t\t\t\t\t\t<span class=\"elementor-divider__text elementor-divider__element\">\n\t\t\t\t01\t\t\t\t<\/span>\n\t\t\t\t\t\t<\/span>\n\t\t<\/div>\n\t\t\t\t<\/div>\n\t\t\t\t<\/div>\n\t\t\t\t<div class=\"elementor-element elementor-element-c298ba8 elementor-widget elementor-widget-heading\" data-id=\"c298ba8\" data-element_type=\"widget\" data-widget_type=\"heading.default\">\n\t\t\t\t<div class=\"elementor-widget-container\">\n\t\t\t<style>\/*! elementor - v3.22.0 - 26-06-2024 *\/\n.elementor-heading-title{padding:0;margin:0;line-height:1}.elementor-widget-heading .elementor-heading-title[class*=elementor-size-]>a{color:inherit;font-size:inherit;line-height:inherit}.elementor-widget-heading .elementor-heading-title.elementor-size-small{font-size:15px}.elementor-widget-heading .elementor-heading-title.elementor-size-medium{font-size:19px}.elementor-widget-heading .elementor-heading-title.elementor-size-large{font-size:29px}.elementor-widget-heading .elementor-heading-title.elementor-size-xl{font-size:39px}.elementor-widget-heading .elementor-heading-title.elementor-size-xxl{font-size:59px}<\/style><h2 class=\"elementor-heading-title elementor-size-default\">Qualit\u00e4tspolitik der Schweisser Team Gruppe<\/h2>\t\t<\/div>\n\t\t\t\t<\/div>\n\t\t\t\t<div class=\"elementor-element elementor-element-870a0be elementor-widget elementor-widget-text-editor\" data-id=\"870a0be\" data-element_type=\"widget\" data-widget_type=\"text-editor.default\">\n\t\t\t\t<div class=\"elementor-widget-container\">\n\t\t\t<style>\/*! elementor - v3.22.0 - 26-06-2024 *\/\n.elementor-widget-text-editor.elementor-drop-cap-view-stacked .elementor-drop-cap{background-color:#69727d;color:#fff}.elementor-widget-text-editor.elementor-drop-cap-view-framed .elementor-drop-cap{color:#69727d;border:3px solid;background-color:transparent}.elementor-widget-text-editor:not(.elementor-drop-cap-view-default) .elementor-drop-cap{margin-top:8px}.elementor-widget-text-editor:not(.elementor-drop-cap-view-default) .elementor-drop-cap-letter{width:1em;height:1em}.elementor-widget-text-editor .elementor-drop-cap{float:left;text-align:center;line-height:1;font-size:50px}.elementor-widget-text-editor .elementor-drop-cap-letter{display:inline-block}<\/style>\t\t\t\t<h4><strong>Einleitung:<\/strong><\/h4>\n<p>Das Schweisser-Team hat es sich zur Aufgabe gemacht, die hochwertigsten Vorproduktions- und Produktionsprozesse in den Bereichen Schwei\u00dfen, Rohrleitungen und Engineering sowie den qualitativ hochwertigsten Service bei der Bereitstellung von Fachpersonal f\u00fcr Schwei\u00df-, Rohrleitungs- und Ger\u00fcstarbeiten in der Industrie zu bieten.<br \/>\nUnser Ziel ist es, die Erwartungen unserer Kunden durch kontinuierliche Verbesserung unserer Prozesse, unserer Technologie und unseres Personals zu erf\u00fcllen und zu \u00fcbertreffen. <\/p>\n<h4><strong>Grundprinzipien:<\/strong><\/h4>\n<p><strong>1. Kundenorientierung:<\/strong> <strong>&#8211;<\/strong> Die Bed\u00fcrfnisse und Erwartungen unserer Kunden verstehen &#8211; Produkte und Dienstleistungen anbieten, die ihre Anforderungen erf\u00fcllen oder \u00fcbertreffen &#8211; Eine offene und transparente Kommunikation mit den Kunden pflegen.<\/p>\n<p><strong>2. Qualit\u00e4t der Produkte und Dienstleistungen:-<\/strong> Verwendung der besten verf\u00fcgbaren Technologie und Materialien.- Einhaltung aller relevanten Normen und Vorschriften bei Schwei\u00df-, Rohrleitungs- und Ger\u00fcstarbeiten.- Durchf\u00fchrung gr\u00fcndlicher Qualit\u00e4tskontrollen auf allen Ebenen der Produktion und Installation.<\/p>\n<p><strong>3. Kontinuierliche Verbesserung: &#8211;<\/strong> Analysieren und bewerten Sie unsere Prozesse, um verbesserungsw\u00fcrdige Bereiche zu identifizieren &#8211; Implementieren Sie innovative L\u00f6sungen zur Verbesserung von Effizienz und Qualit\u00e4t &#8211; Ermutigen Sie die Mitarbeiter, Verbesserungsvorschl\u00e4ge zu machen.<\/p>\n<p><strong>4. Schulung und Ausbildung der Mitarbeiter: &#8211;<\/strong> In die Schulung und Zertifizierung unserer Mitarbeiter in den Bereichen Schwei\u00dfen, Rohrleitungen und Ger\u00fcste investieren &#8211; Eine Kultur des kontinuierlichen Lernens und der beruflichen Weiterentwicklung f\u00f6rdern &#8211; Sicherstellen, dass alle Mitarbeiter unsere Qualit\u00e4tspolitik verstehen und einhalten &#8211; Verpflichten Sie sich, unseren Kunden im Rahmen unserer Dienstleistung qualifiziertes Personal zur Verf\u00fcgung zu stellen.<\/p>\n<p><strong>5. Gesundheit und Sicherheit: &#8211;<\/strong> Einhaltung aller Sicherheitsvorschriften und -standards &#8211; Erschaffung eines sicheren und gesunden Arbeitsumfelds &#8211; Regelm\u00e4\u00dfige Schulung der Mitarbeiter zu Sicherheitsverfahren und Gefahren im Zusammenhang mit Schwei\u00df-, Rohrleitungs- und Ger\u00fcstbauarbeiten.<\/p>\n<p><strong>6. Nachhaltigkeit und Umweltschutz: &#8211;<\/strong> Minimierung der negativen Auswirkungen unserer Aktivit\u00e4ten auf die Umwelt.<br \/>\n&#8211; F\u00f6rderung von Recycling und verantwortungsvoller Abfallwirtschaft.<br \/>\n&#8211; Verwenden Sie umweltfreundliche Technologien und Materialien.  <\/p>\n<h4><strong>Qualit\u00e4tsziele:<\/strong><\/h4>\n<p>1. Steigern Sie die Kundenzufriedenheit um 5% pro Jahr.<br \/>2. Reduzieren Sie die Anzahl der unerf\u00fcllten Bestellungen um 25 % pro Jahr <br \/>3. Verbessern Sie die Effizienz des Herstellungs- und Installationsprozesses innerhalb von zwei Jahren um 15 %.<br \/>4. Erh\u00f6hen Sie das Schulungsniveau der Mitarbeiter um 20 % pro Jahr.<\/p>\n<p> <strong>Eigenverantwortung:<\/strong> <br \/>Jeder Mitarbeiter der Schweisser Team Gruppe ist f\u00fcr die Qualit\u00e4t seiner Arbeit und f\u00fcr die Einhaltung dieser Qualit\u00e4tspolitik verantwortlich. Das Management ist bestrebt, die notwendigen Ressourcen und Unterst\u00fctzung bereitzustellen, um die festgelegten Qualit\u00e4tsziele zu erreichen. <\/p>\n<h4><strong>  Schlussfolgerung:<\/strong><\/h4>\n<p>Die Schweisser Team Group hat es sich zur Aufgabe gemacht, qualitativ hochwertige Schwei\u00df-, Rohrleitungs- und Ger\u00fcstprodukte und -dienstleistungen anzubieten, die den h\u00f6chsten Standards der Branche entsprechen.<br \/>\nWir sind st\u00e4ndig bestrebt, unsere Prozesse und F\u00e4higkeiten zu verbessern, um die langfristige Zufriedenheit unserer Kunden und den Erfolg unseres Unternehmens zu gew\u00e4hrleisten. <\/p>\n\t\t\t\t\t\t<\/div>\n\t\t\t\t<\/div>\n\t\t\t\t\t<\/div>\n\t\t\t\t<\/div>\n\t\t\t\t<\/div>\n\t\t","protected":false},"excerpt":{"rendered":"<p>01 Qualit\u00e4tspolitik der Schweisser Team Gruppe Einleitung: Das Schweisser-Team hat es sich zur Aufgabe gemacht, die hochwertigsten Vorproduktions- und Produktionsprozesse in den Bereichen Schwei\u00dfen, Rohrleitungen und Engineering sowie den qualitativ hochwertigsten Service bei der Bereitstellung von Fachpersonal f\u00fcr Schwei\u00df-, Rohrleitungs- und Ger\u00fcstarbeiten in der Industrie zu bieten. Unser Ziel ist es, die Erwartungen unserer Kunden [&hellip;]<\/p>\n","protected":false},"author":5,"featured_media":0,"parent":0,"menu_order":0,"comment_status":"closed","ping_status":"closed","template":"","meta":{"_seopress_robots_primary_cat":"","_seopress_titles_title":"","_seopress_titles_desc":"","_seopress_robots_index":"","footnotes":""},"class_list":["post-2994","page","type-page","status-publish","hentry"],"_links":{"self":[{"href":"https:\/\/schweisserteam.com\/de\/wp-json\/wp\/v2\/pages\/2994","targetHints":{"allow":["GET"]}}],"collection":[{"href":"https:\/\/schweisserteam.com\/de\/wp-json\/wp\/v2\/pages"}],"about":[{"href":"https:\/\/schweisserteam.com\/de\/wp-json\/wp\/v2\/types\/page"}],"author":[{"embeddable":true,"href":"https:\/\/schweisserteam.com\/de\/wp-json\/wp\/v2\/users\/5"}],"replies":[{"embeddable":true,"href":"https:\/\/schweisserteam.com\/de\/wp-json\/wp\/v2\/comments?post=2994"}],"version-history":[{"count":3,"href":"https:\/\/schweisserteam.com\/de\/wp-json\/wp\/v2\/pages\/2994\/revisions"}],"predecessor-version":[{"id":10189,"href":"https:\/\/schweisserteam.com\/de\/wp-json\/wp\/v2\/pages\/2994\/revisions\/10189"}],"wp:attachment":[{"href":"https:\/\/schweisserteam.com\/de\/wp-json\/wp\/v2\/media?parent=2994"}],"curies":[{"name":"wp","href":"https:\/\/api.w.org\/{rel}","templated":true}]}}