{"id":1933,"date":"2024-07-02T10:09:04","date_gmt":"2024-07-02T08:09:04","guid":{"rendered":"https:\/\/schweisserteam.com\/gdpr\/"},"modified":"2026-04-26T10:28:56","modified_gmt":"2026-04-26T08:28:56","slug":"gdpr","status":"publish","type":"page","link":"https:\/\/schweisserteam.com\/de\/gdpr\/","title":{"rendered":"GDPR"},"content":{"rendered":"\t\t<div data-elementor-type=\"wp-page\" data-elementor-id=\"1933\" class=\"elementor elementor-1933 elementor-1930\" data-elementor-post-type=\"page\">\n\t\t\t\t<div class=\"elementor-element elementor-element-035e7f6 e-flex e-con-boxed e-con e-parent\" data-id=\"035e7f6\" data-element_type=\"container\">\n\t\t\t\t\t<div class=\"e-con-inner\">\n\t\t\t\t<div class=\"elementor-element elementor-element-f3513fb elementor-widget-divider--view-line_text elementor-widget-divider--element-align-center elementor-widget elementor-widget-divider\" data-id=\"f3513fb\" data-element_type=\"widget\" data-widget_type=\"divider.default\">\n\t\t\t\t<div class=\"elementor-widget-container\">\n\t\t\t<style>\/*! elementor - v3.22.0 - 26-06-2024 *\/\n.elementor-widget-divider{--divider-border-style:none;--divider-border-width:1px;--divider-color:#0c0d0e;--divider-icon-size:20px;--divider-element-spacing:10px;--divider-pattern-height:24px;--divider-pattern-size:20px;--divider-pattern-url:none;--divider-pattern-repeat:repeat-x}.elementor-widget-divider .elementor-divider{display:flex}.elementor-widget-divider .elementor-divider__text{font-size:15px;line-height:1;max-width:95%}.elementor-widget-divider .elementor-divider__element{margin:0 var(--divider-element-spacing);flex-shrink:0}.elementor-widget-divider .elementor-icon{font-size:var(--divider-icon-size)}.elementor-widget-divider .elementor-divider-separator{display:flex;margin:0;direction:ltr}.elementor-widget-divider--view-line_icon .elementor-divider-separator,.elementor-widget-divider--view-line_text .elementor-divider-separator{align-items:center}.elementor-widget-divider--view-line_icon .elementor-divider-separator:after,.elementor-widget-divider--view-line_icon .elementor-divider-separator:before,.elementor-widget-divider--view-line_text .elementor-divider-separator:after,.elementor-widget-divider--view-line_text .elementor-divider-separator:before{display:block;content:\"\";border-block-end:0;flex-grow:1;border-block-start:var(--divider-border-width) var(--divider-border-style) var(--divider-color)}.elementor-widget-divider--element-align-left .elementor-divider .elementor-divider-separator>.elementor-divider__svg:first-of-type{flex-grow:0;flex-shrink:100}.elementor-widget-divider--element-align-left .elementor-divider-separator:before{content:none}.elementor-widget-divider--element-align-left .elementor-divider__element{margin-left:0}.elementor-widget-divider--element-align-right .elementor-divider .elementor-divider-separator>.elementor-divider__svg:last-of-type{flex-grow:0;flex-shrink:100}.elementor-widget-divider--element-align-right .elementor-divider-separator:after{content:none}.elementor-widget-divider--element-align-right .elementor-divider__element{margin-right:0}.elementor-widget-divider--element-align-start .elementor-divider .elementor-divider-separator>.elementor-divider__svg:first-of-type{flex-grow:0;flex-shrink:100}.elementor-widget-divider--element-align-start .elementor-divider-separator:before{content:none}.elementor-widget-divider--element-align-start .elementor-divider__element{margin-inline-start:0}.elementor-widget-divider--element-align-end .elementor-divider .elementor-divider-separator>.elementor-divider__svg:last-of-type{flex-grow:0;flex-shrink:100}.elementor-widget-divider--element-align-end .elementor-divider-separator:after{content:none}.elementor-widget-divider--element-align-end .elementor-divider__element{margin-inline-end:0}.elementor-widget-divider:not(.elementor-widget-divider--view-line_text):not(.elementor-widget-divider--view-line_icon) .elementor-divider-separator{border-block-start:var(--divider-border-width) var(--divider-border-style) var(--divider-color)}.elementor-widget-divider--separator-type-pattern{--divider-border-style:none}.elementor-widget-divider--separator-type-pattern.elementor-widget-divider--view-line .elementor-divider-separator,.elementor-widget-divider--separator-type-pattern:not(.elementor-widget-divider--view-line) .elementor-divider-separator:after,.elementor-widget-divider--separator-type-pattern:not(.elementor-widget-divider--view-line) .elementor-divider-separator:before,.elementor-widget-divider--separator-type-pattern:not([class*=elementor-widget-divider--view]) .elementor-divider-separator{width:100%;min-height:var(--divider-pattern-height);-webkit-mask-size:var(--divider-pattern-size) 100%;mask-size:var(--divider-pattern-size) 100%;-webkit-mask-repeat:var(--divider-pattern-repeat);mask-repeat:var(--divider-pattern-repeat);background-color:var(--divider-color);-webkit-mask-image:var(--divider-pattern-url);mask-image:var(--divider-pattern-url)}.elementor-widget-divider--no-spacing{--divider-pattern-size:auto}.elementor-widget-divider--bg-round{--divider-pattern-repeat:round}.rtl .elementor-widget-divider .elementor-divider__text{direction:rtl}.e-con-inner>.elementor-widget-divider,.e-con>.elementor-widget-divider{width:var(--container-widget-width,100%);--flex-grow:var(--container-widget-flex-grow)}<\/style>\t\t<div class=\"elementor-divider\">\n\t\t\t<span class=\"elementor-divider-separator\">\n\t\t\t\t\t\t\t<span class=\"elementor-divider__text elementor-divider__element\">\n\t\t\t\t01\t\t\t\t<\/span>\n\t\t\t\t\t\t<\/span>\n\t\t<\/div>\n\t\t\t\t<\/div>\n\t\t\t\t<\/div>\n\t\t\t\t<div class=\"elementor-element elementor-element-c298ba8 elementor-widget elementor-widget-heading\" data-id=\"c298ba8\" data-element_type=\"widget\" data-widget_type=\"heading.default\">\n\t\t\t\t<div class=\"elementor-widget-container\">\n\t\t\t<style>\/*! elementor - v3.22.0 - 26-06-2024 *\/\n.elementor-heading-title{padding:0;margin:0;line-height:1}.elementor-widget-heading .elementor-heading-title[class*=elementor-size-]>a{color:inherit;font-size:inherit;line-height:inherit}.elementor-widget-heading .elementor-heading-title.elementor-size-small{font-size:15px}.elementor-widget-heading .elementor-heading-title.elementor-size-medium{font-size:19px}.elementor-widget-heading .elementor-heading-title.elementor-size-large{font-size:29px}.elementor-widget-heading .elementor-heading-title.elementor-size-xl{font-size:39px}.elementor-widget-heading .elementor-heading-title.elementor-size-xxl{font-size:59px}<\/style><h2 class=\"elementor-heading-title elementor-size-default\">GDPR<\/h2>\t\t<\/div>\n\t\t\t\t<\/div>\n\t\t\t\t\t<\/div>\n\t\t\t\t<\/div>\n\t\t<div class=\"elementor-element elementor-element-5e11c7f e-flex e-con-boxed e-con e-parent\" data-id=\"5e11c7f\" data-element_type=\"container\">\n\t\t\t\t\t<div class=\"e-con-inner\">\n\t\t\t\t<div class=\"elementor-element elementor-element-2a7e732 elementor-widget elementor-widget-text-editor\" data-id=\"2a7e732\" data-element_type=\"widget\" data-widget_type=\"text-editor.default\">\n\t\t\t\t<div class=\"elementor-widget-container\">\n\t\t\t<style>\/*! elementor - v3.22.0 - 26-06-2024 *\/\n.elementor-widget-text-editor.elementor-drop-cap-view-stacked .elementor-drop-cap{background-color:#69727d;color:#fff}.elementor-widget-text-editor.elementor-drop-cap-view-framed .elementor-drop-cap{color:#69727d;border:3px solid;background-color:transparent}.elementor-widget-text-editor:not(.elementor-drop-cap-view-default) .elementor-drop-cap{margin-top:8px}.elementor-widget-text-editor:not(.elementor-drop-cap-view-default) .elementor-drop-cap-letter{width:1em;height:1em}.elementor-widget-text-editor .elementor-drop-cap{float:left;text-align:center;line-height:1;font-size:50px}.elementor-widget-text-editor .elementor-drop-cap-letter{display:inline-block}<\/style>\t\t\t\t<h2 data-section-id=\"1yyrik4\" data-start=\"225\" data-end=\"343\"><span role=\"text\"><strong data-start=\"228\" data-end=\"343\">Grunds\u00e4tze der Verarbeitung personenbezogener Daten und System des Schutzes personenbezogener Daten gem\u00e4\u00df DSGVO<\/strong><\/span><\/h2>\n<p data-start=\"345\" data-end=\"756\">Ausgearbeitet in \u00dcbereinstimmung mit der Verordnung (EU) 2016\/679 des Europ\u00e4ischen Parlaments und des Rates zum Schutz nat\u00fcrlicher Personen bei der Verarbeitung personenbezogener Daten und zum freien Datenverkehr gem\u00e4\u00df Artikel 13 und 14 der Verordnung (nachfolgend \u201eDSGVO\u201c) sowie dem Gesetz Nr. 18\/2018 Slg. \u00fcber den Schutz personenbezogener Daten (nachfolgend \u201eGesetz \u00fcber den Schutz personenbezogener Daten\u201c).<\/p>\n<h3 data-section-id=\"1gnavi9\" data-start=\"763\" data-end=\"788\"><span role=\"text\"><strong data-start=\"767\" data-end=\"788\"><br>Verantwortlicher:<\/strong><\/span><\/h3>\n<p data-start=\"790\" data-end=\"949\">Schweisser Team s.r.o.<br data-start=\"812\" data-end=\"815\">Sad SNP 8\/668<br data-start=\"828\" data-end=\"831\">010 01 \u017dilina<br data-start=\"844\" data-end=\"847\">ID-Nr.: 50 248 898<br data-start=\"865\" data-end=\"868\">Jozef Beb\u010d\u00e1k<br data-start=\"880\" data-end=\"883\">Tel.: 0902 726 909<br data-start=\"901\" data-end=\"904\">E-Mail: <a class=\"decorated-link cursor-pointer\" rel=\"noopener\" data-start=\"912\" data-end=\"947\">cabadajova.simona@schweisserteam.sk<\/a><\/p>\n<p data-start=\"951\" data-end=\"983\">(nachfolgend \u201eVerantwortlicher\u201c)<\/p>\n<h3 data-section-id=\"12b4mcz\" data-start=\"990\" data-end=\"1030\"><span role=\"text\"><strong data-start=\"994\" data-end=\"1030\"><br>Was sind personenbezogene Daten?<\/strong><\/span><\/h3>\n<p data-start=\"1032\" data-end=\"1545\">Personenbezogene Daten sind Daten, die sich auf eine identifizierte oder identifizierbare nat\u00fcrliche Person beziehen, die direkt oder indirekt identifiziert werden kann, insbesondere anhand eines allgemein verwendbaren Identifikators, eines anderen Identifikators wie Name, Nachname, Identifikationsnummer, Standortdaten oder Online-Kennung oder anhand eines oder mehrerer Merkmale, die ihre physische, physiologische, genetische, psychische, mentale, wirtschaftliche, kulturelle oder soziale Identit\u00e4t ausmachen.<\/p>\n<h3 data-section-id=\"1u973j7\" data-start=\"1552\" data-end=\"1609\"><span role=\"text\"><strong data-start=\"1556\" data-end=\"1609\"><br>Was ist die Verarbeitung personenbezogener Daten?<\/strong><\/span><\/h3>\n<p data-start=\"1611\" data-end=\"2131\">Die Verarbeitung personenbezogener Daten ist ein Verarbeitungsvorgang oder eine Reihe von Verarbeitungsvorg\u00e4ngen im Zusammenhang mit personenbezogenen Daten oder Datens\u00e4tzen, insbesondere das Erheben, Erfassen, Ordnen, Strukturieren, Speichern, Ver\u00e4ndern, Abfragen, Einsichtnehmen, Verwenden, Offenlegen durch \u00dcbermittlung, Verbreitung oder eine andere Form der Bereitstellung, Abgleichen oder Verkn\u00fcpfen, Einschr\u00e4nken, L\u00f6schen, unabh\u00e4ngig davon, ob dies mit automatisierten oder nicht automatisierten Verfahren erfolgt.<\/p>\n<p data-start=\"2133\" data-end=\"2229\">Der Verantwortliche ist nicht verpflichtet, einen Datenschutzbeauftragten zu benennen\/bestimmen.<\/p>\n<h3 data-section-id=\"lo8uhz\" data-start=\"2236\" data-end=\"2291\"><span role=\"text\"><strong data-start=\"2240\" data-end=\"2291\"><br>Quellen und Kategorien personenbezogener Daten:<\/strong><\/span><\/h3>\n<p data-start=\"2293\" data-end=\"2504\">Der Verantwortliche verarbeitet personenbezogene Daten (direkt von Ihnen), die Sie ihm zur Verf\u00fcgung gestellt haben, oder personenbezogene Daten, die er auf Grundlage der Erf\u00fcllung Ihrer Bestellung erhalten hat.<\/p>\n<p data-start=\"2506\" data-end=\"2606\">Ihre Identifikations- und Kontaktdaten sowie Daten, die f\u00fcr die Vertragserf\u00fcllung erforderlich sind.<\/p>\n<h3 data-section-id=\"1j307ui\" data-start=\"2613\" data-end=\"2664\"><span role=\"text\"><strong data-start=\"2617\" data-end=\"2664\"><br>Rechtsgrundlage und Zweck der Verarbeitung:<\/strong><\/span><\/h3>\n<p data-start=\"2666\" data-end=\"2707\">Die Rechtsgrundlage der Verarbeitung ist:<\/p>\n<p data-start=\"2709\" data-end=\"2842\">Ihre Einwilligung zur Verarbeitung personenbezogener Daten f\u00fcr Zwecke des Direktmarketings gem\u00e4\u00df Artikel 6 Abs. 1 Buchstabe a) DSGVO.<\/p>\n<p data-start=\"2844\" data-end=\"2951\">Erf\u00fcllung eines Vertrags zwischen Ihnen und dem Verantwortlichen gem\u00e4\u00df Artikel 6 Abs. 1 Buchstabe b) DSGVO.<\/p>\n<p data-start=\"2953\" data-end=\"3096\">Die Verarbeitung ist zur Erf\u00fcllung einer rechtlichen Verpflichtung des Verantwortlichen gem\u00e4\u00df Artikel 6 Abs. 1 Buchstabe c) DSGVO erforderlich.<\/p>\n<h3 data-section-id=\"98hra0\" data-start=\"3103\" data-end=\"3162\"><span role=\"text\"><strong data-start=\"3107\" data-end=\"3162\"><br>Zweck der Verarbeitung personenbezogener Daten ist:<\/strong><\/span><\/h3>\n<p data-start=\"3164\" data-end=\"4004\">Bearbeitung Ihrer Bestellung und Aus\u00fcbung der Rechte und Pflichten aus dem Vertragsverh\u00e4ltnis zwischen Ihnen und dem Verantwortlichen. Bei der Bestellung von Dienstleistungen werden personenbezogene Daten verlangt, die f\u00fcr die ordnungsgem\u00e4\u00dfe Vertragserf\u00fcllung gem\u00e4\u00df Artikel 6 Abs. 1 Buchstabe b) DSGVO erforderlich sind (damit zusammenh\u00e4ngend auch die anschlie\u00dfende Zahlungsabwicklung, Lieferung von Waren oder Dienstleistungen, Bearbeitung von Reklamationen usw.); die Verarbeitung personenbezogener Daten des Kunden erfolgt ohne dessen Einwilligung, da die Rechtsgrundlage f\u00fcr die Verarbeitung die konkrete vertragliche Beziehung ist. Die Bereitstellung personenbezogener Daten ist eine notwendige Voraussetzung f\u00fcr den Abschluss und die Erf\u00fcllung des Vertrags; ohne diese Daten ist ein Vertragsabschluss oder die Erf\u00fcllung nicht m\u00f6glich.<\/p>\n<p data-start=\"4006\" data-end=\"4212\">Bei dem Betrieb von Profilen in sozialen Netzwerken (Facebook, Instagram, LinkedIn) ist unser Interesse die Steigerung der Bekanntheit des Verantwortlichen im Online-Umfeld und die Kommunikation mit Kunden.<\/p>\n<p data-start=\"4214\" data-end=\"4435\">Personenbezogene Daten, die Sie auf unseren Social-Media-Seiten ver\u00f6ffentlichen (z. B. Kommentare, Likes, Videos, Bilder usw.), werden \u00fcber die Plattform ver\u00f6ffentlicht. Diese Daten werden von uns nicht weiterverarbeitet.<\/p>\n<p data-start=\"4437\" data-end=\"4680\">Die betroffene Person hat das Recht, jederzeit aus Gr\u00fcnden, die sich aus ihrer besonderen Situation ergeben, gegen die Verarbeitung Widerspruch einzulegen. Der Widerspruch kann per E-Mail gesendet werden an: <a class=\"decorated-link cursor-pointer\" rel=\"noopener\" data-start=\"4645\" data-end=\"4680\">cabadajova.simona@schweisserteam.sk<\/a><\/p>\n<p data-start=\"4687\" data-end=\"4905\">Betreiber sozialer Netzwerke haben eigene Regeln und Datenschutzbestimmungen. Wir haben keinen Einfluss auf die Datenverarbeitung durch diese Betreiber. Wir empfehlen, die Datenschutzrichtlinien der Anbieter zu pr\u00fcfen:<\/p>\n<p data-start=\"4907\" data-end=\"4955\">Facebook<br data-start=\"4915\" data-end=\"4918\"><a class=\"decorated-link\" href=\"https:\/\/www.facebook.com\/policy.php\" target=\"_new\" rel=\"noopener\" data-start=\"4918\" data-end=\"4953\">https:\/\/www.facebook.com\/policy.php<\/a><\/p>\n<p data-start=\"4957\" data-end=\"5013\">Instagram<br data-start=\"4966\" data-end=\"4969\"><a class=\"decorated-link\" href=\"https:\/\/help.instagram.com\/519522125107875\" target=\"_new\" rel=\"noopener\" data-start=\"4969\" data-end=\"5011\">https:\/\/help.instagram.com\/519522125107875<\/a><\/p>\n<p data-start=\"5015\" data-end=\"5073\">LinkedIn<br data-start=\"5023\" data-end=\"5026\"><a class=\"decorated-link\" href=\"https:\/\/www.linkedin.com\/legal\/privacy-policy\" target=\"_new\" rel=\"noopener\" data-start=\"5026\" data-end=\"5071\">https:\/\/www.linkedin.com\/legal\/privacy-policy<\/a><\/p>\n<p data-start=\"5080\" data-end=\"5204\">In bestimmten F\u00e4llen treten wir gemeinsam mit sozialen Netzwerken als gemeinsame Verantwortliche gem\u00e4\u00df Artikel 26 DSGVO auf.<\/p>\n<p data-start=\"5206\" data-end=\"5393\">Messung der Besucherzahlen und Verbesserung der Dienste \u2013 mittels Cookies erfassen wir Daten \u00fcber die Nutzung unserer Website. Diese Daten werden auf Grundlage Ihrer Einwilligung erhoben.<\/p>\n<p data-start=\"5400\" data-end=\"5557\">Zur Gew\u00e4hrleistung der Transparenz pr\u00fcfen wir die Richtigkeit der Daten. Bei fehlerhaften Daten erfolgt unverz\u00fcgliche Korrektur, Einschr\u00e4nkung oder L\u00f6schung.<\/p>\n<p data-start=\"5559\" data-end=\"5646\">Der Verantwortliche trifft keine automatisierten Entscheidungen gem\u00e4\u00df Artikel 22 DSGVO.<\/p>\n<h3 data-section-id=\"105jjyg\" data-start=\"5653\" data-end=\"5675\"><span role=\"text\"><strong data-start=\"5657\" data-end=\"5675\"><br>Speicherdauer:<\/strong><\/span><\/h3>\n<p data-start=\"5677\" data-end=\"5795\">Die Daten werden gespeichert f\u00fcr die Dauer der Vertragsbeziehung und gesetzlicher Pflichten und anschlie\u00dfend gel\u00f6scht.<\/p>\n<h3 data-section-id=\"101r5m7\" data-start=\"5802\" data-end=\"5843\"><span role=\"text\"><strong data-start=\"5806\" data-end=\"5843\"><br>Empf\u00e4nger personenbezogener Daten<\/strong><\/span><\/h3>\n<p data-start=\"5845\" data-end=\"5901\">Empf\u00e4nger ist jede Person, der Daten offengelegt werden.<\/p>\n<p data-start=\"5903\" data-end=\"5937\">Keine \u00dcbermittlung in Drittl\u00e4nder.<\/p>\n<h3 data-section-id=\"1clqsxd\" data-start=\"5944\" data-end=\"5972\"><span role=\"text\"><strong data-start=\"5948\" data-end=\"5972\"><br>Sicherheitsma\u00dfnahmen<\/strong><\/span><\/h3>\n<p data-start=\"5974\" data-end=\"6084\">Technische, organisatorische und personelle Ma\u00dfnahmen wurden getroffen. Zugriff nur f\u00fcr autorisierte Personen.<\/p>\n<h3 data-section-id=\"1ogvz3b\" data-start=\"6091\" data-end=\"6111\"><span role=\"text\"><strong data-start=\"6095\" data-end=\"6111\">Ihre Rechte:<\/strong><\/span><\/h3>\n<ul data-start=\"6113\" data-end=\"6311\">\n<li data-section-id=\"16km294\" data-start=\"6113\" data-end=\"6141\">Auskunft (Art. 15 DSGVO)<\/li>\n<li data-section-id=\"133tz7j\" data-start=\"6142\" data-end=\"6174\">Berichtigung (Art. 16 DSGVO)<\/li>\n<li data-section-id=\"s3cjod\" data-start=\"6175\" data-end=\"6192\">Einschr\u00e4nkung<\/li>\n<li data-section-id=\"185ldrl\" data-start=\"6193\" data-end=\"6221\">L\u00f6schung (Art. 17 DSGVO)<\/li>\n<li data-section-id=\"1sjhmaw\" data-start=\"6222\" data-end=\"6253\">Widerspruch (Art. 21 DSGVO)<\/li>\n<li data-section-id=\"1wshal5\" data-start=\"6254\" data-end=\"6278\">Daten\u00fcbertragbarkeit<\/li>\n<li data-section-id=\"117fkec\" data-start=\"6279\" data-end=\"6291\">Widerruf<\/li>\n<li data-section-id=\"g11kbi\" data-start=\"6292\" data-end=\"6311\">Beschwerderecht<\/li>\n<\/ul>\n<h3 data-section-id=\"19kyzzc\" data-start=\"6318\" data-end=\"6342\"><span role=\"text\"><strong data-start=\"6322\" data-end=\"6342\">Aufsichtsbeh\u00f6rde<\/strong><\/span><\/h3>\n<p data-start=\"6344\" data-end=\"6390\">\u00darad na ochranu osobn\u00fdch \u00fadajov<br data-start=\"6375\" data-end=\"6378\">Bratislava<\/p>\n<p data-start=\"6397\" data-end=\"6437\">Diese Richtlinie gilt ab dem 25.05.2018.<\/p>\t\t\t\t\t\t<\/div>\n\t\t\t\t<\/div>\n\t\t\t\t\t<\/div>\n\t\t\t\t<\/div>\n\t\t\t\t<\/div>\n\t\t","protected":false},"excerpt":{"rendered":"<p>01 GDPR Grunds\u00e4tze der Verarbeitung personenbezogener Daten und System des Schutzes personenbezogener Daten gem\u00e4\u00df DSGVO Ausgearbeitet in \u00dcbereinstimmung mit der Verordnung (EU) 2016\/679 des Europ\u00e4ischen Parlaments und des Rates zum Schutz nat\u00fcrlicher Personen bei der Verarbeitung personenbezogener Daten und zum freien Datenverkehr gem\u00e4\u00df Artikel 13 und 14 der Verordnung (nachfolgend \u201eDSGVO\u201c) sowie dem Gesetz Nr. [&hellip;]<\/p>\n","protected":false},"author":5,"featured_media":0,"parent":0,"menu_order":0,"comment_status":"closed","ping_status":"closed","template":"","meta":{"_seopress_robots_primary_cat":"","_seopress_titles_title":"","_seopress_titles_desc":"","_seopress_robots_index":"","footnotes":""},"class_list":["post-1933","page","type-page","status-publish","hentry"],"_links":{"self":[{"href":"https:\/\/schweisserteam.com\/de\/wp-json\/wp\/v2\/pages\/1933","targetHints":{"allow":["GET"]}}],"collection":[{"href":"https:\/\/schweisserteam.com\/de\/wp-json\/wp\/v2\/pages"}],"about":[{"href":"https:\/\/schweisserteam.com\/de\/wp-json\/wp\/v2\/types\/page"}],"author":[{"embeddable":true,"href":"https:\/\/schweisserteam.com\/de\/wp-json\/wp\/v2\/users\/5"}],"replies":[{"embeddable":true,"href":"https:\/\/schweisserteam.com\/de\/wp-json\/wp\/v2\/comments?post=1933"}],"version-history":[{"count":5,"href":"https:\/\/schweisserteam.com\/de\/wp-json\/wp\/v2\/pages\/1933\/revisions"}],"predecessor-version":[{"id":94863,"href":"https:\/\/schweisserteam.com\/de\/wp-json\/wp\/v2\/pages\/1933\/revisions\/94863"}],"wp:attachment":[{"href":"https:\/\/schweisserteam.com\/de\/wp-json\/wp\/v2\/media?parent=1933"}],"curies":[{"name":"wp","href":"https:\/\/api.w.org\/{rel}","templated":true}]}}