{"id":1694,"date":"2022-10-06T18:26:25","date_gmt":"2022-10-06T16:26:25","guid":{"rendered":"https:\/\/schweisserteam.com\/zasady-ochrany-osobnych-udajov\/"},"modified":"2024-11-18T13:20:17","modified_gmt":"2024-11-18T12:20:17","slug":"zasady-ochrany-osobnych-udajov","status":"publish","type":"page","link":"https:\/\/schweisserteam.com\/de\/zasady-ochrany-osobnych-udajov\/","title":{"rendered":"Datenschutzerkl\u00e4rung"},"content":{"rendered":"\n<h2 class=\"wp-block-heading\">\u00dcber uns<\/h2>\n\n<p>Die Adresse unserer Website ist: <\/p>\n\n<h2 class=\"wp-block-heading\">Kommentare<\/h2>\n\n<p>Wenn Website-Besucher Kommentare auf der Website hinterlassen, erfassen wir zum Schutz vor Spam die Daten, die im Kommentarformular angezeigt werden, sowie die IP-Adresse des Benutzers und den User Agent des Browsers.<\/p>\n\n<p>Anonymisierte E-Mail-Adressen (genannt auch hash) k\u00f6nnen von Gravatar vor der \u00dcbergabe verwendet werden, wenn Sie sie nicht brauchen. Die Datenschutzbestimmungen von Gravatar finden Sie unter: https:\/\/automattic.com\/privacy\/. Sobald Ihr Kommentar genehmigt wurde, wird Ihr Profilfoto zusammen mit dem Inhalt Ihres Kommentars \u00f6ffentlich angezeigt.<\/p>\n\n<h2 class=\"wp-block-heading\">Multimedia<\/h2>\n\n<p>Wenn Sie Bilder auf eine Website hochladen, sollten Sie das Hochladen von Bildern mit EXIF-GPS-Standortdaten vermeiden. Die Besucher der Website k\u00f6nnen alle Standortdaten von den Bildern herunterladen und ansehen.<\/p>\n\n<h2 class=\"wp-block-heading\">Cookies<\/h2>\n\n<p>Wenn Sie einen Kommentar zu einer bestimmten Seite abgeben, k\u00f6nnen Sie die Cookies in der E-Mail- und Webadresse verwenden. Dies dient Ihrer Bequemlichkeit, damit Sie Ihre Daten nicht erneut eingeben m\u00fcssen, wenn Sie einen weiteren Kommentar hinzuf\u00fcgen. Diese Cookies sind ein Jahr lang g\u00fcltig.<\/p>\n\n<p>Wenn Sie unsere Anmeldeseite besuchen, speichern wir tempor\u00e4re Cookies, um festzustellen, ob Ihr Browser Cookies zul\u00e4sst. Diese Cookies enthalten keine personenbezogenen Daten und werden gel\u00f6scht, wenn Sie Ihren Browser schlie\u00dfen.<\/p>\n\n<p>Wenn Sie sich anmelden, setzen wir eine Reihe von Cookies, um Ihre Anmeldedaten und Anzeigeeinstellungen zu speichern. Anmelde-Cookies sind zwei Tage lang g\u00fcltig, Anzeigeeinstellungen ein Jahr lang. Wenn Sie die Option \u201eSpeichern\u201c w\u00e4hlen, ist Ihr Login zwei Wochen lang g\u00fcltig. Wenn Sie sich von Ihrem Konto abmelden, werden die Cookies gel\u00f6scht. <\/p>\n\n<p>Wenn Sie einen Artikel bearbeiten oder ver\u00f6ffentlichen, werden zus\u00e4tzliche Cookies in Ihrem Browser gespeichert. Diese Cookies enthalten keine pers\u00f6nlichen Daten und beziehen sich nur auf die ID des Artikels, den Sie bearbeitet haben. Die Dateien sind 1 Tag lang g\u00fcltig.<\/p>\n\n<h2 class=\"wp-block-heading\">Hochgeladene Inhalte von anderen Websites<\/h2>\n\n<p>Die Artikel auf dieser Website k\u00f6nnen eingebettete Inhalte enthalten (z. B. Videos, Bilder, Artikel usw.). Eingebettete Inhalte von anderen Websites verhalten sich genauso, als ob der Besucher eine andere Website besucht h\u00e4tte. <\/p>\n\n<p>Diese Websites k\u00f6nnen pers\u00f6nliche Daten \u00fcber Sie sammeln, Cookies verwenden, Tracking durch Dritte einbetten und Ihre Interaktion mit eingebetteten Inhalten \u00fcberwachen, einschlie\u00dflich der Verfolgung Ihrer Interaktion mit eingebetteten Inhalten, wenn Sie ein Konto haben und auf dieser Website angemeldet sind. <\/p>\n\n<h2 class=\"wp-block-heading\">An wen wir Ihre Daten weitergeben<\/h2>\n\n<p>Wenn Sie eine Passwortr\u00fccksetzung beantragen, wird Ihre IP-Adresse in der E-Mail zur Passwortr\u00fccksetzung angegeben.<\/p>\n\n<h2 class=\"wp-block-heading\">Wie lange wir Ihre Daten aufbewahren<\/h2>\n\n<p>Beim Hinzuf\u00fcgen eines Kommentars werden der Kommentar und seine Metadaten getrennt gehalten. Auf diese Weise k\u00f6nnen wir automatisch alle zugeh\u00f6rigen Kommentare erkennen und genehmigen, ohne sie zur Moderation zur\u00fcckstellen zu m\u00fcssen.<\/p>\n\n<p>Bei Nutzern, die sich auf unserer Website registrieren (falls vorhanden), speichern wir die von ihnen angegebenen personenbezogenen Daten auch in ihrem Nutzerprofil. Alle Nutzer k\u00f6nnen ihre pers\u00f6nlichen Daten jederzeit einsehen, bearbeiten oder l\u00f6schen (mit Ausnahme von Nutzer\u00e4nderungen). Auch die Administratoren der Website k\u00f6nnen diese Informationen einsehen und bearbeiten.<\/p>\n\n<h2 class=\"wp-block-heading\">Welche Rechte Sie an Ihren Daten haben<\/h2>\n\n<p>Wenn Sie auf der Webseite einen Kommentar abgeben, m\u00fcssen Sie den Export von osobn\u00fdch \u00fadajov, die Sie f\u00fcr sich beanspruchen, und von \u00fadajov, die Sie f\u00fcr sich beanspruchen, abw\u00e4gen. Sie k\u00f6nnen auch die L\u00f6schung Ihrer personenbezogenen Daten beantragen. Dies gilt jedoch nicht f\u00fcr Daten, die wir aus administrativen, rechtlichen oder sicherheitstechnischen Gr\u00fcnden aufbewahren m\u00fcssen. <\/p>\n\n<h2 class=\"wp-block-heading\">Wohin Ihre Daten gesendet werden<\/h2>\n\n<p>Besucherkommentare k\u00f6nnen von einem automatischen Spam-Erkennungsdienst \u00fcberpr\u00fcft werden.<\/p>\n","protected":false},"excerpt":{"rendered":"<p>\u00dcber uns Die Adresse unserer Website ist: Kommentare Wenn Website-Besucher Kommentare auf der Website hinterlassen, erfassen wir zum Schutz vor Spam die Daten, die im Kommentarformular angezeigt werden, sowie die IP-Adresse des Benutzers und den User Agent des Browsers. Anonymisierte E-Mail-Adressen (genannt auch hash) k\u00f6nnen von Gravatar vor der \u00dcbergabe verwendet werden, wenn Sie sie [&hellip;]<\/p>\n","protected":false},"author":1,"featured_media":0,"parent":0,"menu_order":0,"comment_status":"closed","ping_status":"open","template":"","meta":{"_seopress_robots_primary_cat":"","_seopress_titles_title":"","_seopress_titles_desc":"","_seopress_robots_index":"ja","footnotes":""},"class_list":["post-1694","page","type-page","status-publish","hentry"],"_links":{"self":[{"href":"https:\/\/schweisserteam.com\/de\/wp-json\/wp\/v2\/pages\/1694","targetHints":{"allow":["GET"]}}],"collection":[{"href":"https:\/\/schweisserteam.com\/de\/wp-json\/wp\/v2\/pages"}],"about":[{"href":"https:\/\/schweisserteam.com\/de\/wp-json\/wp\/v2\/types\/page"}],"author":[{"embeddable":true,"href":"https:\/\/schweisserteam.com\/de\/wp-json\/wp\/v2\/users\/1"}],"replies":[{"embeddable":true,"href":"https:\/\/schweisserteam.com\/de\/wp-json\/wp\/v2\/comments?post=1694"}],"version-history":[{"count":2,"href":"https:\/\/schweisserteam.com\/de\/wp-json\/wp\/v2\/pages\/1694\/revisions"}],"predecessor-version":[{"id":10467,"href":"https:\/\/schweisserteam.com\/de\/wp-json\/wp\/v2\/pages\/1694\/revisions\/10467"}],"wp:attachment":[{"href":"https:\/\/schweisserteam.com\/de\/wp-json\/wp\/v2\/media?parent=1694"}],"curies":[{"name":"wp","href":"https:\/\/api.w.org\/{rel}","templated":true}]}}